{"id":879,"date":"2025-05-05T05:00:28","date_gmt":"2025-05-05T03:00:28","guid":{"rendered":"https:\/\/www.pizzerialasierra.com\/WEB\/?page_id=879"},"modified":"2025-07-21T21:43:53","modified_gmt":"2025-07-21T19:43:53","slug":"nuestra-historia","status":"publish","type":"page","link":"https:\/\/www.pizzerialasierra.com\/WEB\/nuestra-historia\/","title":{"rendered":"Nuestra Historia"},"content":{"rendered":"\t\t<div data-elementor-type=\"wp-page\" data-elementor-id=\"879\" class=\"elementor elementor-879\">\n\t\t\t\t<div class=\"elementor-element elementor-element-b02940a e-con-full e-flex wpr-particle-no wpr-jarallax-no wpr-parallax-no wpr-sticky-section-no e-con e-parent\" data-id=\"b02940a\" data-element_type=\"container\" data-settings=\"{&quot;background_background&quot;:&quot;classic&quot;}\">\n\t\t\t\t<div class=\"elementor-element elementor-element-004cd2b elementor-invisible elementor-widget elementor-widget-heading\" data-id=\"004cd2b\" data-element_type=\"widget\" data-settings=\"{&quot;_animation&quot;:&quot;fadeInUp&quot;,&quot;htmega_fe&quot;:&quot;no&quot;}\" data-widget_type=\"heading.default\">\n\t\t\t\t\t<h2 class=\"elementor-heading-title elementor-size-default\">Nuestra Historia<\/h2>\t\t\t\t<\/div>\n\t\t\t\t<\/div>\n\t\t<div class=\"elementor-element elementor-element-e5bcb08 e-flex e-con-boxed wpr-particle-no wpr-jarallax-no wpr-parallax-no wpr-sticky-section-no e-con e-parent\" data-id=\"e5bcb08\" data-element_type=\"container\">\n\t\t\t\t\t<div class=\"e-con-inner\">\n\t\t<div class=\"elementor-element elementor-element-1561cd4 e-con-full e-flex wpr-particle-no wpr-jarallax-no wpr-parallax-no wpr-sticky-section-no e-con e-child\" data-id=\"1561cd4\" data-element_type=\"container\">\n\t\t\t\t<div class=\"elementor-element elementor-element-1f3510b elementor-widget elementor-widget-heading\" data-id=\"1f3510b\" data-element_type=\"widget\" data-settings=\"{&quot;htmega_fe&quot;:&quot;no&quot;}\" data-widget_type=\"heading.default\">\n\t\t\t\t\t<h2 class=\"elementor-heading-title elementor-size-default\">Una Historia de Pasi\u00f3n, Tradici\u00f3n y Sabor \u00danico<\/h2>\t\t\t\t<\/div>\n\t\t\t\t<div class=\"elementor-element elementor-element-b6a4681 elementor-widget elementor-widget-text-editor\" data-id=\"b6a4681\" data-element_type=\"widget\" data-settings=\"{&quot;htmega_fe&quot;:&quot;no&quot;}\" data-widget_type=\"text-editor.default\">\n\t\t\t\t\t\t\t\t\t<p><span style=\"font-weight: 400;\">Bienvenidos a Pizzer\u00eda La Sierra, donde cada pizza cuenta una historia de esfuerzo, tradici\u00f3n y el aut\u00e9ntico sabor menonita. Fundada el 22 de octubre de 1997 en Cuauht\u00e9moc, Chihuahua, por <\/span><strong>Peter Thiessen Neufeld y Albert Thiessen Friessen,<\/strong> <span style=\"font-weight: 400;\">\u00a0nuestra historia se teje con los valores fundamentales de la comunidad menonita: <\/span><strong>trabajo honesto, calidad inquebrantable y calidez familiar<\/strong><span style=\"font-weight: 400;\">. Siendo nuestra pizza <\/span><span style=\"font-weight: 400;\">el inicio de una revoluci\u00f3n gastron\u00f3mica.<\/span><\/p><p><span style=\"font-weight: 400; color: #cc0b12;\"><b>EL ORIGEN DE UN SABOR INIGUALABLE<\/b><\/span><\/p><p><span style=\"font-weight: 400;\">Con una visi\u00f3n clara y las ganas de sobresalir, Peter y Albert desarrollaron una receta \u00fanica, inspirada en una antigua tradici\u00f3n canadiense pero enriquecida con ingredientes locales de la m\u00e1s alta calidad, como el famoso <\/span><b>queso menonita<\/b><span style=\"font-weight: 400;\">. Este blend de sabores dio vida a la Pizza Menonita\u00ae, un producto exquisito y distintivo que r\u00e1pidamente conquist\u00f3 paladares.<\/span><\/p><p><span style=\"font-weight: 400; color: #cc0b12;\"><b>LA TRADICI\u00d3N QUE NOS DEFINE<\/b><\/span><\/p><p><span style=\"font-weight: 400;\">Nuestra <\/span><b>Pizza Menonita\u00ae<\/b><span style=\"font-weight: 400;\"> nace de una fusi\u00f3n \u00fanica:<\/span><\/p><ul><li style=\"font-weight: 400;\" aria-level=\"1\"><b>Sabidur\u00eda ancestral<\/b><span style=\"font-weight: 400;\">: Receta canadiense transmitida por generaciones<\/span><\/li><li style=\"font-weight: 400;\" aria-level=\"1\"><b>Compromiso con la tierra<\/b><span style=\"font-weight: 400;\">: Ingredientes locales cultivados con dedicaci\u00f3n<\/span><\/li><li style=\"font-weight: 400;\" aria-level=\"1\"><b>Artesan\u00eda alimentaria<\/b><span style=\"font-weight: 400;\">: El emblem\u00e1tico queso menonita como sello distintivo<\/span><\/li><\/ul><p><span style=\"font-weight: 400;\">Estos pilares reflejan el <\/span><b>esp\u00edritu menonita<\/b><span style=\"font-weight: 400;\"> de excelencia y respeto por los procesos tradicionales.<\/span><\/p><p><span style=\"font-weight: 400; color: #cc0b12;\"><b>DE UN SUE\u00d1O A UNA FRANQUICIA DE \u00c9XITO<\/b><\/span><\/p><p><span style=\"font-weight: 400;\">Lo que comenz\u00f3 como un peque\u00f1o local se transform\u00f3 en un modelo de negocio s\u00f3lido. En febrero de 2010, se constituy\u00f3 Operadora Thiessen S.A. de C.V., formalizamos nuestra expansi\u00f3n como franquicia y consolidando nuestro compromiso con la calidad, la tradici\u00f3n y el crecimiento.<\/span><\/p>\t\t\t\t\t\t\t\t<\/div>\n\t\t\t\t<\/div>\n\t\t<div class=\"elementor-element elementor-element-22fe0c8 e-con-full e-flex wpr-particle-no wpr-jarallax-no wpr-parallax-no wpr-sticky-section-no e-con e-child\" data-id=\"22fe0c8\" data-element_type=\"container\">\n\t\t\t\t<div class=\"elementor-element elementor-element-a975397 elementor-widget elementor-widget-html\" data-id=\"a975397\" data-element_type=\"widget\" data-settings=\"{&quot;htmega_fe&quot;:&quot;no&quot;}\" data-widget_type=\"html.default\">\n\t\t\t\t\t<blockquote class=\"tiktok-embed\" cite=\"https:\/\/www.tiktok.com\/@pizzerialasierrathiessen\/video\/7499319473996827910\" data-video-id=\"7499319473996827910\" style=\"max-width: 605px;min-width: 325px;\" > <section> <a target=\"_blank\" title=\"@pizzerialasierrathiessen\" href=\"https:\/\/www.tiktok.com\/@pizzerialasierrathiessen?refer=embed\">@pizzerialasierrathiessen<\/a> Con toda la actitud, sabor y en equipo. \u00a1Porque en Pizzer\u00eda La Sierra, el jefe si nos respalda! \ud83d\ude0e\ud83c\udf55 <a title=\"labuenapizzamenonita\" target=\"_blank\" href=\"https:\/\/www.tiktok.com\/tag\/labuenapizzamenonita?refer=embed\">#LaBuenaPizzaMenonita<\/a> <a title=\"pizzer\u00edalasierra\" target=\"_blank\" href=\"https:\/\/www.tiktok.com\/tag\/pizzer%C3%ADalasierra?refer=embed\">#Pizzer\u00edaLaSierra<\/a> <a title=\"nuestrocastor\" target=\"_blank\" href=\"https:\/\/www.tiktok.com\/tag\/nuestrocastor?refer=embed\">#NuestroCastor<\/a> <a title=\"eljefenosrespalda\" target=\"_blank\" href=\"https:\/\/www.tiktok.com\/tag\/eljefenosrespalda?refer=embed\">#ElJefeNosRespalda<\/a> <a title=\"pls\" target=\"_blank\" href=\"https:\/\/www.tiktok.com\/tag\/pls?refer=embed\">#PLS<\/a> <a target=\"_blank\" title=\"\u266c sonido original - pizzerialasierrathiessen\" href=\"https:\/\/www.tiktok.com\/music\/sonido-original-7499319483438353157?refer=embed\">\u266c sonido original - pizzerialasierrathiessen<\/a> <\/section> <\/blockquote> <script async src=\"https:\/\/www.tiktok.com\/embed.js\"><\/script>\t\t\t\t<\/div>\n\t\t\t\t<\/div>\n\t\t\t\t\t<\/div>\n\t\t\t\t<\/div>\n\t\t<div class=\"elementor-element elementor-element-2a09aef e-flex e-con-boxed wpr-particle-no wpr-jarallax-no wpr-parallax-no wpr-sticky-section-no e-con e-parent\" data-id=\"2a09aef\" data-element_type=\"container\">\n\t\t\t\t\t<div class=\"e-con-inner\">\n\t\t<div class=\"elementor-element elementor-element-2d94b59 e-con-full e-flex wpr-particle-no wpr-jarallax-no wpr-parallax-no wpr-sticky-section-no e-con e-child\" data-id=\"2d94b59\" data-element_type=\"container\">\n\t\t\t\t<div class=\"elementor-element elementor-element-d4a4720 elementor-widget elementor-widget-image\" data-id=\"d4a4720\" data-element_type=\"widget\" data-settings=\"{&quot;htmega_fe&quot;:&quot;no&quot;}\" data-widget_type=\"image.default\">\n\t\t\t\t\t\t\t\t\t\t\t\t\t\t\t<img fetchpriority=\"high\" decoding=\"async\" width=\"1440\" height=\"1628\" src=\"https:\/\/www.pizzerialasierra.com\/WEB\/wp-content\/uploads\/2025\/06\/Senor-Menonita.png\" class=\"attachment-full size-full wp-image-1098\" alt=\"\" srcset=\"https:\/\/www.pizzerialasierra.com\/WEB\/wp-content\/uploads\/2025\/06\/Senor-Menonita.png 1440w, https:\/\/www.pizzerialasierra.com\/WEB\/wp-content\/uploads\/2025\/06\/Senor-Menonita-265x300.png 265w, https:\/\/www.pizzerialasierra.com\/WEB\/wp-content\/uploads\/2025\/06\/Senor-Menonita-906x1024.png 906w, https:\/\/www.pizzerialasierra.com\/WEB\/wp-content\/uploads\/2025\/06\/Senor-Menonita-768x868.png 768w, https:\/\/www.pizzerialasierra.com\/WEB\/wp-content\/uploads\/2025\/06\/Senor-Menonita-1359x1536.png 1359w\" sizes=\"(max-width: 1440px) 100vw, 1440px\" \/>\t\t\t\t\t\t\t\t\t\t\t\t\t\t\t<\/div>\n\t\t\t\t<\/div>\n\t\t<div class=\"elementor-element elementor-element-26148be e-con-full e-flex wpr-particle-no wpr-jarallax-no wpr-parallax-no wpr-sticky-section-no e-con e-child\" data-id=\"26148be\" data-element_type=\"container\">\n\t\t\t\t<div class=\"elementor-element elementor-element-9419d7a elementor-widget elementor-widget-heading\" data-id=\"9419d7a\" data-element_type=\"widget\" data-settings=\"{&quot;htmega_fe&quot;:&quot;no&quot;}\" data-widget_type=\"heading.default\">\n\t\t\t\t\t<h2 class=\"elementor-heading-title elementor-size-default\">Nuestra Misi\u00f3n Hoy<\/h2>\t\t\t\t<\/div>\n\t\t\t\t<div class=\"elementor-element elementor-element-7ade2b2 elementor-widget elementor-widget-text-editor\" data-id=\"7ade2b2\" data-element_type=\"widget\" data-settings=\"{&quot;htmega_fe&quot;:&quot;no&quot;}\" data-widget_type=\"text-editor.default\">\n\t\t\t\t\t\t\t\t\t<p><span style=\"font-weight: 400;\">Hoy, Pizzer\u00eda La Sierra es mucho m\u00e1s que una pizzer\u00eda:<\/span><\/p><ul><li style=\"font-weight: 400;\" aria-level=\"1\"><span style=\"font-weight: 400;\">41 restaurantes en M\u00e9xico y Belice.<\/span><\/li><li style=\"font-weight: 400;\" aria-level=\"1\"><span style=\"font-weight: 400;\">M\u00e1s de 1,000 empleos directos generados.<\/span><\/li><li style=\"font-weight: 400;\" aria-level=\"1\"><span style=\"font-weight: 400;\">4 millones de personas disfrutan de nuestro sabor cada a\u00f1o.<\/span><\/li><\/ul><p><span style=\"font-weight: 400;\" aria-level=\"1\">Nos enorgullece ser reconocidos como la mejor pizzer\u00eda con identidad menonita, llevando el aut\u00e9ntico sabor de nuestra herencia culinaria a cada rinc\u00f3n.<\/span><\/p><blockquote><p><span style=\"font-weight: 400;\" aria-level=\"1\"><b>En cada platillo servimos m\u00e1s que comida&#8230; Compartimos tradici\u00f3n y sabor menonita.<\/b><\/span><\/p><\/blockquote>\t\t\t\t\t\t\t\t<\/div>\n\t\t\t\t<\/div>\n\t\t\t\t\t<\/div>\n\t\t\t\t<\/div>\n\t\t\t\t<\/div>\n\t\t","protected":false},"excerpt":{"rendered":"<p>Nuestra Historia Una Historia de Pasi\u00f3n, Tradici\u00f3n y Sabor \u00danico Bienvenidos a Pizzer\u00eda La Sierra, donde cada pizza cuenta una historia de esfuerzo, tradici\u00f3n y el aut\u00e9ntico sabor menonita. Fundada el 22 de octubre de 1997 en Cuauht\u00e9moc, Chihuahua, por Peter Thiessen Neufeld y Albert Thiessen Friessen, \u00a0nuestra historia se teje con los valores fundamentales de la comunidad menonita: trabajo honesto, calidad inquebrantable y calidez familiar. Siendo nuestra pizza el inicio de una revoluci\u00f3n gastron\u00f3mica. EL ORIGEN DE UN SABOR INIGUALABLE Con una visi\u00f3n clara y las ganas de sobresalir, Peter y Albert desarrollaron una receta \u00fanica, inspirada en una antigua tradici\u00f3n canadiense pero enriquecida con ingredientes locales de la m\u00e1s alta calidad, como el famoso queso menonita. Este blend de sabores dio vida a la Pizza Menonita\u00ae, un producto exquisito y distintivo que r\u00e1pidamente conquist\u00f3 paladares. LA TRADICI\u00d3N QUE NOS DEFINE Nuestra Pizza Menonita\u00ae nace de una fusi\u00f3n \u00fanica: Sabidur\u00eda ancestral: Receta canadiense transmitida por generaciones Compromiso con la tierra: Ingredientes locales cultivados con dedicaci\u00f3n Artesan\u00eda alimentaria: El emblem\u00e1tico queso menonita como sello distintivo Estos pilares reflejan el esp\u00edritu menonita de excelencia y respeto por los procesos tradicionales. DE UN SUE\u00d1O A UNA FRANQUICIA DE \u00c9XITO Lo que comenz\u00f3 como un peque\u00f1o local se transform\u00f3 en un modelo de negocio s\u00f3lido. En febrero de 2010, se constituy\u00f3 Operadora Thiessen S.A. de C.V., formalizamos nuestra expansi\u00f3n como franquicia y consolidando nuestro compromiso con la calidad, la tradici\u00f3n y el crecimiento. @pizzerialasierrathiessen Con toda la actitud, sabor y en equipo. \u00a1Porque en Pizzer\u00eda La Sierra, el jefe si nos respalda! \ud83d\ude0e\ud83c\udf55 #LaBuenaPizzaMenonita #Pizzer\u00edaLaSierra #NuestroCastor #ElJefeNosRespalda #PLS \u266c sonido original &#8211; pizzerialasierrathiessen Nuestra Misi\u00f3n Hoy Hoy, Pizzer\u00eda La Sierra es mucho m\u00e1s que una pizzer\u00eda: 41 restaurantes en M\u00e9xico y Belice. M\u00e1s de 1,000 empleos directos generados. 4 millones de personas disfrutan de nuestro sabor cada a\u00f1o. Nos enorgullece ser reconocidos como la mejor pizzer\u00eda con identidad menonita, llevando el aut\u00e9ntico sabor de nuestra herencia culinaria a cada rinc\u00f3n. En cada platillo servimos m\u00e1s que comida&#8230; Compartimos tradici\u00f3n y sabor menonita.<\/p>\n","protected":false},"author":1,"featured_media":0,"parent":0,"menu_order":0,"comment_status":"closed","ping_status":"closed","template":"","meta":{"site-sidebar-layout":"no-sidebar","site-content-layout":"","ast-site-content-layout":"full-width-container","site-content-style":"default","site-sidebar-style":"default","ast-global-header-display":"","ast-banner-title-visibility":"","ast-main-header-display":"","ast-hfb-above-header-display":"","ast-hfb-below-header-display":"","ast-hfb-mobile-header-display":"","site-post-title":"disabled","ast-breadcrumbs-content":"","ast-featured-img":"disabled","footer-sml-layout":"","theme-transparent-header-meta":"","adv-header-id-meta":"","stick-header-meta":"","header-above-stick-meta":"","header-main-stick-meta":"","header-below-stick-meta":"","astra-migrate-meta-layouts":"default","ast-page-background-enabled":"default","ast-page-background-meta":{"desktop":{"background-color":"var(--ast-global-color-5)","background-image":"","background-repeat":"repeat","background-position":"center center","background-size":"auto","background-attachment":"scroll","background-type":"","background-media":"","overlay-type":"","overlay-color":"","overlay-opacity":"","overlay-gradient":""},"tablet":{"background-color":"","background-image":"","background-repeat":"repeat","background-position":"center center","background-size":"auto","background-attachment":"scroll","background-type":"","background-media":"","overlay-type":"","overlay-color":"","overlay-opacity":"","overlay-gradient":""},"mobile":{"background-color":"","background-image":"","background-repeat":"repeat","background-position":"center center","background-size":"auto","background-attachment":"scroll","background-type":"","background-media":"","overlay-type":"","overlay-color":"","overlay-opacity":"","overlay-gradient":""}},"ast-content-background-meta":{"desktop":{"background-color":"var(--ast-global-color-4)","background-image":"","background-repeat":"repeat","background-position":"center center","background-size":"auto","background-attachment":"scroll","background-type":"","background-media":"","overlay-type":"","overlay-color":"","overlay-opacity":"","overlay-gradient":""},"tablet":{"background-color":"var(--ast-global-color-4)","background-image":"","background-repeat":"repeat","background-position":"center center","background-size":"auto","background-attachment":"scroll","background-type":"","background-media":"","overlay-type":"","overlay-color":"","overlay-opacity":"","overlay-gradient":""},"mobile":{"background-color":"var(--ast-global-color-4)","background-image":"","background-repeat":"repeat","background-position":"center center","background-size":"auto","background-attachment":"scroll","background-type":"","background-media":"","overlay-type":"","overlay-color":"","overlay-opacity":"","overlay-gradient":""}},"_joinchat":[],"footnotes":""},"class_list":["post-879","page","type-page","status-publish","hentry"],"_links":{"self":[{"href":"https:\/\/www.pizzerialasierra.com\/WEB\/wp-json\/wp\/v2\/pages\/879","targetHints":{"allow":["GET"]}}],"collection":[{"href":"https:\/\/www.pizzerialasierra.com\/WEB\/wp-json\/wp\/v2\/pages"}],"about":[{"href":"https:\/\/www.pizzerialasierra.com\/WEB\/wp-json\/wp\/v2\/types\/page"}],"author":[{"embeddable":true,"href":"https:\/\/www.pizzerialasierra.com\/WEB\/wp-json\/wp\/v2\/users\/1"}],"replies":[{"embeddable":true,"href":"https:\/\/www.pizzerialasierra.com\/WEB\/wp-json\/wp\/v2\/comments?post=879"}],"version-history":[{"count":118,"href":"https:\/\/www.pizzerialasierra.com\/WEB\/wp-json\/wp\/v2\/pages\/879\/revisions"}],"predecessor-version":[{"id":1494,"href":"https:\/\/www.pizzerialasierra.com\/WEB\/wp-json\/wp\/v2\/pages\/879\/revisions\/1494"}],"wp:attachment":[{"href":"https:\/\/www.pizzerialasierra.com\/WEB\/wp-json\/wp\/v2\/media?parent=879"}],"curies":[{"name":"wp","href":"https:\/\/api.w.org\/{rel}","templated":true}]}}